{"id":410,"date":"2019-10-24T11:05:12","date_gmt":"2019-10-24T16:05:12","guid":{"rendered":"http:\/\/altosentido.net\/pruebas\/fonvalle2019\/?page_id=410"},"modified":"2025-10-30T17:04:05","modified_gmt":"2025-10-30T22:04:05","slug":"resena-historica","status":"publish","type":"page","link":"https:\/\/fonvalle.com.co\/portal\/resena-historica\/","title":{"rendered":"Rese\u00f1a Hist\u00f3rica"},"content":{"rendered":"\t\t<div data-elementor-type=\"wp-page\" data-elementor-id=\"410\" class=\"elementor elementor-410\" data-elementor-post-type=\"page\">\n\t\t\t\t<div class=\"elementor-element elementor-element-7f5fbdc e-flex e-con-boxed e-con e-parent\" data-id=\"7f5fbdc\" data-element_type=\"container\" data-e-type=\"container\" data-settings=\"{&quot;_ha_eqh_enable&quot;:false}\">\n\t\t\t\t\t<div class=\"e-con-inner\">\n\t\t<div class=\"elementor-element elementor-element-7996a2e e-con-full e-flex e-con e-child\" data-id=\"7996a2e\" data-element_type=\"container\" data-e-type=\"container\" data-settings=\"{&quot;_ha_eqh_enable&quot;:false}\">\n\t\t\t\t<div class=\"elementor-element elementor-element-f9e8c86 elementor-widget elementor-widget-heading\" data-id=\"f9e8c86\" data-element_type=\"widget\" data-e-type=\"widget\" data-widget_type=\"heading.default\">\n\t\t\t\t\t<div class=\"elementor-heading-title elementor-size-default\"><b class=\"txt-vino\">Fonvalle<\/b> es una organizaci\u00f3n sin \u00e1nimo de lucro que cuenta, con n\u00famero de asociados y patrimonio social, variables e ilimitados.<\/div>\t\t\t\t<\/div>\n\t\t\t\t<\/div>\n\t\t\t\t\t<\/div>\n\t\t\t\t<\/div>\n\t\t<div class=\"elementor-element elementor-element-840f293 e-flex e-con-boxed e-con e-parent\" data-id=\"840f293\" data-element_type=\"container\" data-e-type=\"container\" data-settings=\"{&quot;background_background&quot;:&quot;classic&quot;,&quot;_ha_eqh_enable&quot;:false}\">\n\t\t\t\t\t<div class=\"e-con-inner\">\n\t\t<div class=\"elementor-element elementor-element-bb2c2d0 e-con-full e-flex e-con e-child\" data-id=\"bb2c2d0\" data-element_type=\"container\" data-e-type=\"container\" data-settings=\"{&quot;_ha_eqh_enable&quot;:false}\">\n\t\t\t\t<div class=\"elementor-element elementor-element-798d61c elementor-widget elementor-widget-heading\" data-id=\"798d61c\" data-element_type=\"widget\" data-e-type=\"widget\" data-widget_type=\"heading.default\">\n\t\t\t\t\t<h2 class=\"elementor-heading-title elementor-size-default\">NUESTRA HISTORIA<\/h2>\t\t\t\t<\/div>\n\t\t\t\t<div class=\"elementor-element elementor-element-b167a32 elementor-widget elementor-widget-text-editor\" data-id=\"b167a32\" data-element_type=\"widget\" data-e-type=\"widget\" data-widget_type=\"text-editor.default\">\n\t\t\t\t\t\t\t\t\t<p>En 1977, gracias al sue\u00f1o compartido por un grupo de docentes que identificaron necesidades comunes y vislumbraron ideales comunes, se dio origen al Fondo de Empleados Docentes de la Universidad del Valle, concebido con 70 fundadores, para satisfacer las necesidades y aspiraciones compartidas por este grupo de profesionales.\u00a0<\/p><p>Fonvalle ha enfrentado crisis significativas, siendo la ocurrida en la Universidad del Valle en 1998 la m\u00e1s perjudicial tanto para el Fondo como para sus asociados. En dicho a\u00f1o, debido a los problemas financieros de la universidad, se suspendieron los pagos a sus trabajadores. Desde junio hasta diciembre, los empleados solo recibieron dos salarios, y en los a\u00f1os subsiguientes hasta 2001, los pagos fueron irregulares e incompletos. Sin embargo, ah\u00ed estuvo Fonvalle acompa\u00f1ando y generando acciones de apoyo para los asociados y grupo familiar.<\/p><p>Conoce los testimonios y experiencias de nuestros asociados en el siguiente video:<\/p>\t\t\t\t\t\t\t\t<\/div>\n\t\t\t\t<\/div>\n\t\t<div class=\"elementor-element elementor-element-27583a3 e-con-full e-flex e-con e-child\" data-id=\"27583a3\" data-element_type=\"container\" data-e-type=\"container\" data-settings=\"{&quot;_ha_eqh_enable&quot;:false}\">\n\t\t\t\t<div class=\"elementor-element elementor-element-b64da09 ha-has-bg-overlay elementor-widget elementor-widget-heading\" data-id=\"b64da09\" data-element_type=\"widget\" data-e-type=\"widget\" data-widget_type=\"heading.default\">\n\t\t\t\t\t<h3 class=\"elementor-heading-title elementor-size-default\">Experiencias de nuestros asociados<\/h3>\t\t\t\t<\/div>\n\t\t\t\t<div class=\"elementor-element elementor-element-20c7f71 elementor-widget elementor-widget-video\" data-id=\"20c7f71\" data-element_type=\"widget\" data-e-type=\"widget\" data-settings=\"{&quot;youtube_url&quot;:&quot;https:\\\/\\\/www.youtube.com\\\/watch?v=DWSX3oy_boM&quot;,&quot;video_type&quot;:&quot;youtube&quot;,&quot;controls&quot;:&quot;yes&quot;}\" data-widget_type=\"video.default\">\n\t\t\t\t\t\t\t<div class=\"elementor-wrapper elementor-open-inline\">\n\t\t\t<div class=\"elementor-video\"><\/div>\t\t<\/div>\n\t\t\t\t\t\t<\/div>\n\t\t\t\t<\/div>\n\t\t\t\t\t<\/div>\n\t\t\t\t<\/div>\n\t\t\t\t<\/div>\n\t\t","protected":false},"excerpt":{"rendered":"<p>Fonvalle es una organizaci\u00f3n sin \u00e1nimo de lucro que cuenta, con n\u00famero de asociados y patrimonio social, variables e ilimitados. NUESTRA HISTORIA En 1977, gracias al sue\u00f1o compartido por un grupo de docentes que identificaron necesidades comunes y vislumbraron ideales comunes, se dio origen al Fondo de Empleados Docentes de la Universidad del Valle, concebido [&hellip;]<\/p>\n","protected":false},"author":1,"featured_media":0,"parent":0,"menu_order":0,"comment_status":"closed","ping_status":"closed","template":"","meta":{"_acf_changed":false,"footnotes":""},"class_list":["post-410","page","type-page","status-publish","hentry"],"acf":[],"_links":{"self":[{"href":"https:\/\/fonvalle.com.co\/portal\/wp-json\/wp\/v2\/pages\/410","targetHints":{"allow":["GET"]}}],"collection":[{"href":"https:\/\/fonvalle.com.co\/portal\/wp-json\/wp\/v2\/pages"}],"about":[{"href":"https:\/\/fonvalle.com.co\/portal\/wp-json\/wp\/v2\/types\/page"}],"author":[{"embeddable":true,"href":"https:\/\/fonvalle.com.co\/portal\/wp-json\/wp\/v2\/users\/1"}],"replies":[{"embeddable":true,"href":"https:\/\/fonvalle.com.co\/portal\/wp-json\/wp\/v2\/comments?post=410"}],"version-history":[{"count":44,"href":"https:\/\/fonvalle.com.co\/portal\/wp-json\/wp\/v2\/pages\/410\/revisions"}],"predecessor-version":[{"id":8980,"href":"https:\/\/fonvalle.com.co\/portal\/wp-json\/wp\/v2\/pages\/410\/revisions\/8980"}],"wp:attachment":[{"href":"https:\/\/fonvalle.com.co\/portal\/wp-json\/wp\/v2\/media?parent=410"}],"curies":[{"name":"wp","href":"https:\/\/api.w.org\/{rel}","templated":true}]}}