{"id":426,"date":"2019-10-24T14:52:02","date_gmt":"2019-10-24T19:52:02","guid":{"rendered":"http:\/\/altosentido.net\/pruebas\/fonvalle2019\/?page_id=426"},"modified":"2025-10-31T10:04:58","modified_gmt":"2025-10-31T15:04:58","slug":"aportes-obligatorios","status":"publish","type":"page","link":"https:\/\/fonvalle.com.co\/portal\/aportes-obligatorios\/","title":{"rendered":"Aportes Obligatorios"},"content":{"rendered":"\t\t<div data-elementor-type=\"wp-page\" data-elementor-id=\"426\" class=\"elementor elementor-426\" data-elementor-post-type=\"page\">\n\t\t\t\t<div class=\"elementor-element elementor-element-c76f8f8 e-flex e-con-boxed e-con e-parent\" data-id=\"c76f8f8\" data-element_type=\"container\" data-e-type=\"container\" data-settings=\"{&quot;background_background&quot;:&quot;classic&quot;,&quot;_ha_eqh_enable&quot;:false}\">\n\t\t\t\t\t<div class=\"e-con-inner\">\n\t\t<div class=\"elementor-element elementor-element-a86c55d e-con-full e-flex e-con e-child\" data-id=\"a86c55d\" data-element_type=\"container\" data-e-type=\"container\" data-settings=\"{&quot;_ha_eqh_enable&quot;:false}\">\n\t\t\t\t<div class=\"elementor-element elementor-element-8909b1c elementor-widget elementor-widget-image\" data-id=\"8909b1c\" data-element_type=\"widget\" data-e-type=\"widget\" data-widget_type=\"image.default\">\n\t\t\t\t\t\t\t\t\t\t\t\t\t\t\t<img fetchpriority=\"high\" decoding=\"async\" width=\"780\" height=\"870\" src=\"https:\/\/fonvalle.com.co\/portal\/wp-content\/uploads\/2019\/11\/img-ahorros-voluntarios.jpg\" class=\"attachment-large size-large wp-image-676\" alt=\"\" srcset=\"https:\/\/fonvalle.com.co\/portal\/wp-content\/uploads\/2019\/11\/img-ahorros-voluntarios.jpg 780w, https:\/\/fonvalle.com.co\/portal\/wp-content\/uploads\/2019\/11\/img-ahorros-voluntarios-269x300.jpg 269w, https:\/\/fonvalle.com.co\/portal\/wp-content\/uploads\/2019\/11\/img-ahorros-voluntarios-768x857.jpg 768w, https:\/\/fonvalle.com.co\/portal\/wp-content\/uploads\/2019\/11\/img-ahorros-voluntarios-131x146.jpg 131w, https:\/\/fonvalle.com.co\/portal\/wp-content\/uploads\/2019\/11\/img-ahorros-voluntarios-45x50.jpg 45w, https:\/\/fonvalle.com.co\/portal\/wp-content\/uploads\/2019\/11\/img-ahorros-voluntarios-67x75.jpg 67w\" sizes=\"(max-width: 780px) 100vw, 780px\" \/>\t\t\t\t\t\t\t\t\t\t\t\t\t\t\t<\/div>\n\t\t\t\t<\/div>\n\t\t<div class=\"elementor-element elementor-element-46c724c e-con-full e-flex e-con e-child\" data-id=\"46c724c\" data-element_type=\"container\" data-e-type=\"container\" data-settings=\"{&quot;_ha_eqh_enable&quot;:false}\">\n\t\t\t\t<div class=\"elementor-element elementor-element-8e4e0d7 elementor-widget elementor-widget-text-editor\" data-id=\"8e4e0d7\" data-element_type=\"widget\" data-e-type=\"widget\" data-widget_type=\"text-editor.default\">\n\t\t\t\t\t\t\t\t\t<div class=\"vc_separator wpb_content_element vc_separator_align_center vc_sep_width_10 vc_sep_border_width_5 vc_sep_pos_align_left vc_separator_no_text\">\u00a0<\/div><div class=\"wpb_text_column wpb_content_element \"><div class=\"wpb_wrapper\"><p>Los asociados de\u00a0<strong>Fonvalle<\/strong>\u00a0deber\u00e1n hacer aportes sociales y ahorros permanentes mensualmente, en un monto tal que su cuota mensual obligatoria, no sea inferior treinta por ciento (30%) del valor del salario m\u00ednimo mensual legal vigente, redondeado en centenas, ni sea mayor al diez por ciento (10%) de su propio salario. De la cuota mensual obligatoria, se destinar\u00e1 a los aportes sociales (AS) individuales, el diez por ciento (10%) y a los ahorros permanentes el noventa por ciento (90%) restante.<\/p><p>La Junta Directiva expedir\u00e1 la reglamentaci\u00f3n necesaria, la forma de devoluci\u00f3n, sus montos m\u00e1ximos y los est\u00edmulos a los ahorros permanentes.\u00a0<\/p><\/div><\/div>\t\t\t\t\t\t\t\t<\/div>\n\t\t\t\t<\/div>\n\t\t\t\t\t<\/div>\n\t\t\t\t<\/div>\n\t\t\t\t<\/div>\n\t\t","protected":false},"excerpt":{"rendered":"<p>\u00a0 Los asociados de\u00a0Fonvalle\u00a0deber\u00e1n hacer aportes sociales y ahorros permanentes mensualmente, en un monto tal que su cuota mensual obligatoria, no sea inferior treinta por ciento (30%) del valor del salario m\u00ednimo mensual legal vigente, redondeado en centenas, ni sea mayor al diez por ciento (10%) de su propio salario. De la cuota mensual obligatoria, [&hellip;]<\/p>\n","protected":false},"author":1,"featured_media":0,"parent":0,"menu_order":0,"comment_status":"closed","ping_status":"closed","template":"","meta":{"_acf_changed":false,"footnotes":""},"class_list":["post-426","page","type-page","status-publish","hentry"],"acf":[],"_links":{"self":[{"href":"https:\/\/fonvalle.com.co\/portal\/wp-json\/wp\/v2\/pages\/426","targetHints":{"allow":["GET"]}}],"collection":[{"href":"https:\/\/fonvalle.com.co\/portal\/wp-json\/wp\/v2\/pages"}],"about":[{"href":"https:\/\/fonvalle.com.co\/portal\/wp-json\/wp\/v2\/types\/page"}],"author":[{"embeddable":true,"href":"https:\/\/fonvalle.com.co\/portal\/wp-json\/wp\/v2\/users\/1"}],"replies":[{"embeddable":true,"href":"https:\/\/fonvalle.com.co\/portal\/wp-json\/wp\/v2\/comments?post=426"}],"version-history":[{"count":12,"href":"https:\/\/fonvalle.com.co\/portal\/wp-json\/wp\/v2\/pages\/426\/revisions"}],"predecessor-version":[{"id":9063,"href":"https:\/\/fonvalle.com.co\/portal\/wp-json\/wp\/v2\/pages\/426\/revisions\/9063"}],"wp:attachment":[{"href":"https:\/\/fonvalle.com.co\/portal\/wp-json\/wp\/v2\/media?parent=426"}],"curies":[{"name":"wp","href":"https:\/\/api.w.org\/{rel}","templated":true}]}}