{"id":4588,"date":"2022-10-26T08:24:06","date_gmt":"2022-10-26T13:24:06","guid":{"rendered":"https:\/\/portal2025.fonvalle.com.co\/?page_id=4588"},"modified":"2026-04-06T09:24:04","modified_gmt":"2026-04-06T14:24:04","slug":"tu-mascota","status":"publish","type":"page","link":"https:\/\/fonvalle.com.co\/portal\/alianzas\/tu-mascota\/","title":{"rendered":"Su mascota es importante para Fonvalle"},"content":{"rendered":"\t\t<div data-elementor-type=\"wp-page\" data-elementor-id=\"4588\" class=\"elementor elementor-4588\" data-elementor-post-type=\"page\">\n\t\t\t\t<div class=\"elementor-element elementor-element-6ac5c62 e-flex e-con-boxed e-con e-parent\" data-id=\"6ac5c62\" data-element_type=\"container\" data-e-type=\"container\" data-settings=\"{&quot;_ha_eqh_enable&quot;:false}\">\n\t\t\t\t\t<div class=\"e-con-inner\">\n\t\t\t\t<div class=\"elementor-element elementor-element-9b02b05 elementor-widget elementor-widget-text-editor\" data-id=\"9b02b05\" data-element_type=\"widget\" data-e-type=\"widget\" data-widget_type=\"text-editor.default\">\n\t\t\t\t\t\t\t\t\t<h3 class=\"title\"><span style=\"color: #800000;\">SEGURO DE MASCOTAS<\/span><\/h3><p><strong>Empresa aseguradora:<\/strong> SBS Seguros.<\/p><p>Para recibir asesor\u00eda personalizada, comun\u00edquese a:<\/p>\t\t\t\t\t\t\t\t<\/div>\n\t\t<div class=\"elementor-element elementor-element-8dc78fd e-con-full e-flex e-con e-child\" data-id=\"8dc78fd\" data-element_type=\"container\" data-e-type=\"container\" data-settings=\"{&quot;background_background&quot;:&quot;classic&quot;,&quot;_ha_eqh_enable&quot;:false}\">\n\t\t\t\t<div class=\"elementor-element elementor-element-0d59d1c elementor-widget elementor-widget-text-editor\" data-id=\"0d59d1c\" data-element_type=\"widget\" data-e-type=\"widget\" data-widget_type=\"text-editor.default\">\n\t\t\t\t\t\t\t\t\t<p>Luis E. Herrera Duque,&nbsp;<span style=\"font-size: 1rem;\">3106995556, l<\/span><span style=\"font-size: 1rem;\">uis.herrera@wtwco.com<\/span><\/p>\n<p>Lina L\u00f3pez, 3106681031, <a href=\"mailto:lina.lopez@wtwco.com\">lina.lopez@wtwco.com<\/a><o:p><\/o:p><\/p>\n<p class=\"MsoNormal\">Jos\u00e9 Miguel Jaramillo A., 3132490334<o:p><\/o:p><\/p>\t\t\t\t\t\t\t\t<\/div>\n\t\t\t\t<\/div>\n\t\t\t\t\t<\/div>\n\t\t\t\t<\/div>\n\t\t<div class=\"elementor-element elementor-element-c8c8589 e-flex e-con-boxed e-con e-parent\" data-id=\"c8c8589\" data-element_type=\"container\" data-e-type=\"container\" data-settings=\"{&quot;_ha_eqh_enable&quot;:false}\">\n\t\t\t\t\t<div class=\"e-con-inner\">\n\t\t\t\t<div class=\"elementor-element elementor-element-99cab47 elementor-widget elementor-widget-text-editor\" data-id=\"99cab47\" data-element_type=\"widget\" data-e-type=\"widget\" data-widget_type=\"text-editor.default\">\n\t\t\t\t\t\t\t\t\t<p>Para solicitar asistencia o presentar una reclamaci\u00f3n, comun\u00edquese a:<\/p>\t\t\t\t\t\t\t\t<\/div>\n\t\t\t\t<div class=\"elementor-element elementor-element-1a20c5d elementor-icon-list--layout-inline elementor-align-center elementor-list-item-link-full_width elementor-widget elementor-widget-icon-list\" data-id=\"1a20c5d\" data-element_type=\"widget\" data-e-type=\"widget\" data-widget_type=\"icon-list.default\">\n\t\t\t\t\t\t\t<ul class=\"elementor-icon-list-items elementor-inline-items\">\n\t\t\t\t\t\t\t<li class=\"elementor-icon-list-item elementor-inline-item\">\n\t\t\t\t\t\t\t\t\t\t\t<span class=\"elementor-icon-list-icon\">\n\t\t\t\t\t\t\t<svg aria-hidden=\"true\" class=\"e-font-icon-svg e-fas-mobile-alt\" viewBox=\"0 0 320 512\" xmlns=\"http:\/\/www.w3.org\/2000\/svg\"><path d=\"M272 0H48C21.5 0 0 21.5 0 48v416c0 26.5 21.5 48 48 48h224c26.5 0 48-21.5 48-48V48c0-26.5-21.5-48-48-48zM160 480c-17.7 0-32-14.3-32-32s14.3-32 32-32 32 14.3 32 32-14.3 32-32 32zm112-108c0 6.6-5.4 12-12 12H60c-6.6 0-12-5.4-12-12V60c0-6.6 5.4-12 12-12h200c6.6 0 12 5.4 12 12v312z\"><\/path><\/svg>\t\t\t\t\t\t<\/span>\n\t\t\t\t\t\t\t\t\t\t<span class=\"elementor-icon-list-text\">#360<\/span>\n\t\t\t\t\t\t\t\t\t<\/li>\n\t\t\t\t\t\t\t\t<li class=\"elementor-icon-list-item elementor-inline-item\">\n\t\t\t\t\t\t\t\t\t\t\t<span class=\"elementor-icon-list-icon\">\n\t\t\t\t\t\t\t<svg aria-hidden=\"true\" class=\"e-font-icon-svg e-fas-phone-volume\" viewBox=\"0 0 384 512\" xmlns=\"http:\/\/www.w3.org\/2000\/svg\"><path d=\"M97.333 506.966c-129.874-129.874-129.681-340.252 0-469.933 5.698-5.698 14.527-6.632 21.263-2.422l64.817 40.513a17.187 17.187 0 0 1 6.849 20.958l-32.408 81.021a17.188 17.188 0 0 1-17.669 10.719l-55.81-5.58c-21.051 58.261-20.612 122.471 0 179.515l55.811-5.581a17.188 17.188 0 0 1 17.669 10.719l32.408 81.022a17.188 17.188 0 0 1-6.849 20.958l-64.817 40.513a17.19 17.19 0 0 1-21.264-2.422zM247.126 95.473c11.832 20.047 11.832 45.008 0 65.055-3.95 6.693-13.108 7.959-18.718 2.581l-5.975-5.726c-3.911-3.748-4.793-9.622-2.261-14.41a32.063 32.063 0 0 0 0-29.945c-2.533-4.788-1.65-10.662 2.261-14.41l5.975-5.726c5.61-5.378 14.768-4.112 18.718 2.581zm91.787-91.187c60.14 71.604 60.092 175.882 0 247.428-4.474 5.327-12.53 5.746-17.552.933l-5.798-5.557c-4.56-4.371-4.977-11.529-.93-16.379 49.687-59.538 49.646-145.933 0-205.422-4.047-4.85-3.631-12.008.93-16.379l5.798-5.557c5.022-4.813 13.078-4.394 17.552.933zm-45.972 44.941c36.05 46.322 36.108 111.149 0 157.546-4.39 5.641-12.697 6.251-17.856 1.304l-5.818-5.579c-4.4-4.219-4.998-11.095-1.285-15.931 26.536-34.564 26.534-82.572 0-117.134-3.713-4.836-3.115-11.711 1.285-15.931l5.818-5.579c5.159-4.947 13.466-4.337 17.856 1.304z\"><\/path><\/svg>\t\t\t\t\t\t<\/span>\n\t\t\t\t\t\t\t\t\t\t<span class=\"elementor-icon-list-text\">018000911360 opci\u00f3n 8<\/span>\n\t\t\t\t\t\t\t\t\t<\/li>\n\t\t\t\t\t\t<\/ul>\n\t\t\t\t\t\t<\/div>\n\t\t\t\t\t<\/div>\n\t\t\t\t<\/div>\n\t\t<div class=\"elementor-element elementor-element-90184da e-flex e-con-boxed e-con e-parent\" data-id=\"90184da\" data-element_type=\"container\" data-e-type=\"container\" data-settings=\"{&quot;_ha_eqh_enable&quot;:false}\">\n\t\t\t\t\t<div class=\"e-con-inner\">\n\t\t\t\t<div class=\"elementor-element elementor-element-24f19a2 elementor-widget elementor-widget-image\" data-id=\"24f19a2\" data-element_type=\"widget\" data-e-type=\"widget\" data-widget_type=\"image.default\">\n\t\t\t\t\t\t\t\t\t\t\t\t\t\t\t<img fetchpriority=\"high\" decoding=\"async\" width=\"1080\" height=\"3121\" src=\"https:\/\/fonvalle.com.co\/portal\/wp-content\/uploads\/2024\/09\/seguro-mascoas.png\" class=\"attachment-full size-full wp-image-7623\" alt=\"\" srcset=\"https:\/\/fonvalle.com.co\/portal\/wp-content\/uploads\/2024\/09\/seguro-mascoas.png 1080w, https:\/\/fonvalle.com.co\/portal\/wp-content\/uploads\/2024\/09\/seguro-mascoas-104x300.png 104w, https:\/\/fonvalle.com.co\/portal\/wp-content\/uploads\/2024\/09\/seguro-mascoas-354x1024.png 354w, https:\/\/fonvalle.com.co\/portal\/wp-content\/uploads\/2024\/09\/seguro-mascoas-768x2219.png 768w, https:\/\/fonvalle.com.co\/portal\/wp-content\/uploads\/2024\/09\/seguro-mascoas-208x600.png 208w, https:\/\/fonvalle.com.co\/portal\/wp-content\/uploads\/2024\/09\/seguro-mascoas-532x1536.png 532w, https:\/\/fonvalle.com.co\/portal\/wp-content\/uploads\/2024\/09\/seguro-mascoas-709x2048.png 709w, https:\/\/fonvalle.com.co\/portal\/wp-content\/uploads\/2024\/09\/seguro-mascoas-51x146.png 51w, https:\/\/fonvalle.com.co\/portal\/wp-content\/uploads\/2024\/09\/seguro-mascoas-17x50.png 17w, https:\/\/fonvalle.com.co\/portal\/wp-content\/uploads\/2024\/09\/seguro-mascoas-26x75.png 26w\" sizes=\"(max-width: 1080px) 100vw, 1080px\" \/>\t\t\t\t\t\t\t\t\t\t\t\t\t\t\t<\/div>\n\t\t\t\t\t<\/div>\n\t\t\t\t<\/div>\n\t\t<div class=\"elementor-element elementor-element-53b381e e-flex e-con-boxed e-con e-parent\" data-id=\"53b381e\" data-element_type=\"container\" data-e-type=\"container\" data-settings=\"{&quot;_ha_eqh_enable&quot;:false}\">\n\t\t\t\t\t<div class=\"e-con-inner\">\n\t\t\t\t<div class=\"elementor-element elementor-element-0b69b0b elementor-widget-divider--view-line elementor-widget elementor-widget-divider\" data-id=\"0b69b0b\" data-element_type=\"widget\" data-e-type=\"widget\" data-widget_type=\"divider.default\">\n\t\t\t\t\t\t\t<div class=\"elementor-divider\">\n\t\t\t<span class=\"elementor-divider-separator\">\n\t\t\t\t\t\t<\/span>\n\t\t<\/div>\n\t\t\t\t\t\t<\/div>\n\t\t\t\t<div class=\"elementor-element elementor-element-3f0634c elementor-widget elementor-widget-text-editor\" data-id=\"3f0634c\" data-element_type=\"widget\" data-e-type=\"widget\" data-widget_type=\"text-editor.default\">\n\t\t\t\t\t\t\t\t\t<h3 class=\"title\"><span style=\"color: #800000;\">ASISTENCIAS PARA MASCOTAS<\/span><\/h3><p>Fonvalle en convenio con Los Olivos, brinda a sus asociados asistencias para sus mascotas en diferentes modalidades. Estas asistencias no tienen costo para el asociado, excepto cuando la solicitud del servicio exceda los valores establecidos para dicha cobertura.<\/p><p>El servicio debe ser solicitado directamente a Los Olivos en los siguientes n\u00fameros telef\u00f3nicos, marcando la opci\u00f3n 3, a trav\u00e9s de la cual tendr\u00e1 comunicaci\u00f3n con una asesor de asistencias:<\/p>\t\t\t\t\t\t\t\t<\/div>\n\t\t\t\t<div class=\"elementor-element elementor-element-3484b31 elementor-icon-list--layout-inline elementor-align-center elementor-list-item-link-full_width elementor-widget elementor-widget-icon-list\" data-id=\"3484b31\" data-element_type=\"widget\" data-e-type=\"widget\" data-widget_type=\"icon-list.default\">\n\t\t\t\t\t\t\t<ul class=\"elementor-icon-list-items elementor-inline-items\">\n\t\t\t\t\t\t\t<li class=\"elementor-icon-list-item elementor-inline-item\">\n\t\t\t\t\t\t\t\t\t\t\t<span class=\"elementor-icon-list-icon\">\n\t\t\t\t\t\t\t<svg aria-hidden=\"true\" class=\"e-font-icon-svg e-fas-mobile-alt\" viewBox=\"0 0 320 512\" xmlns=\"http:\/\/www.w3.org\/2000\/svg\"><path d=\"M272 0H48C21.5 0 0 21.5 0 48v416c0 26.5 21.5 48 48 48h224c26.5 0 48-21.5 48-48V48c0-26.5-21.5-48-48-48zM160 480c-17.7 0-32-14.3-32-32s14.3-32 32-32 32 14.3 32 32-14.3 32-32 32zm112-108c0 6.6-5.4 12-12 12H60c-6.6 0-12-5.4-12-12V60c0-6.6 5.4-12 12-12h200c6.6 0 12 5.4 12 12v312z\"><\/path><\/svg>\t\t\t\t\t\t<\/span>\n\t\t\t\t\t\t\t\t\t\t<span class=\"elementor-icon-list-text\">Desde celular: #480<\/span>\n\t\t\t\t\t\t\t\t\t<\/li>\n\t\t\t\t\t\t\t\t<li class=\"elementor-icon-list-item elementor-inline-item\">\n\t\t\t\t\t\t\t\t\t\t\t<span class=\"elementor-icon-list-icon\">\n\t\t\t\t\t\t\t<svg aria-hidden=\"true\" class=\"e-font-icon-svg e-fas-phone-volume\" viewBox=\"0 0 384 512\" xmlns=\"http:\/\/www.w3.org\/2000\/svg\"><path d=\"M97.333 506.966c-129.874-129.874-129.681-340.252 0-469.933 5.698-5.698 14.527-6.632 21.263-2.422l64.817 40.513a17.187 17.187 0 0 1 6.849 20.958l-32.408 81.021a17.188 17.188 0 0 1-17.669 10.719l-55.81-5.58c-21.051 58.261-20.612 122.471 0 179.515l55.811-5.581a17.188 17.188 0 0 1 17.669 10.719l32.408 81.022a17.188 17.188 0 0 1-6.849 20.958l-64.817 40.513a17.19 17.19 0 0 1-21.264-2.422zM247.126 95.473c11.832 20.047 11.832 45.008 0 65.055-3.95 6.693-13.108 7.959-18.718 2.581l-5.975-5.726c-3.911-3.748-4.793-9.622-2.261-14.41a32.063 32.063 0 0 0 0-29.945c-2.533-4.788-1.65-10.662 2.261-14.41l5.975-5.726c5.61-5.378 14.768-4.112 18.718 2.581zm91.787-91.187c60.14 71.604 60.092 175.882 0 247.428-4.474 5.327-12.53 5.746-17.552.933l-5.798-5.557c-4.56-4.371-4.977-11.529-.93-16.379 49.687-59.538 49.646-145.933 0-205.422-4.047-4.85-3.631-12.008.93-16.379l5.798-5.557c5.022-4.813 13.078-4.394 17.552.933zm-45.972 44.941c36.05 46.322 36.108 111.149 0 157.546-4.39 5.641-12.697 6.251-17.856 1.304l-5.818-5.579c-4.4-4.219-4.998-11.095-1.285-15.931 26.536-34.564 26.534-82.572 0-117.134-3.713-4.836-3.115-11.711 1.285-15.931l5.818-5.579c5.159-4.947 13.466-4.337 17.856 1.304z\"><\/path><\/svg>\t\t\t\t\t\t<\/span>\n\t\t\t\t\t\t\t\t\t\t<span class=\"elementor-icon-list-text\">En Cali: (602) 486 20 20<\/span>\n\t\t\t\t\t\t\t\t\t<\/li>\n\t\t\t\t\t\t<\/ul>\n\t\t\t\t\t\t<\/div>\n\t\t\t\t<div class=\"elementor-element elementor-element-76ffcb4 elementor-widget elementor-widget-image\" data-id=\"76ffcb4\" data-element_type=\"widget\" data-e-type=\"widget\" data-widget_type=\"image.default\">\n\t\t\t\t\t\t\t\t\t\t\t\t\t\t\t<img decoding=\"async\" width=\"1080\" height=\"3000\" src=\"https:\/\/fonvalle.com.co\/portal\/wp-content\/uploads\/2022\/10\/MASCOTAS-LOS-OLIVOS.png\" class=\"attachment-full size-full wp-image-4653\" alt=\"\" srcset=\"https:\/\/fonvalle.com.co\/portal\/wp-content\/uploads\/2022\/10\/MASCOTAS-LOS-OLIVOS.png 1080w, https:\/\/fonvalle.com.co\/portal\/wp-content\/uploads\/2022\/10\/MASCOTAS-LOS-OLIVOS-108x300.png 108w, https:\/\/fonvalle.com.co\/portal\/wp-content\/uploads\/2022\/10\/MASCOTAS-LOS-OLIVOS-369x1024.png 369w, https:\/\/fonvalle.com.co\/portal\/wp-content\/uploads\/2022\/10\/MASCOTAS-LOS-OLIVOS-768x2133.png 768w, https:\/\/fonvalle.com.co\/portal\/wp-content\/uploads\/2022\/10\/MASCOTAS-LOS-OLIVOS-216x600.png 216w, https:\/\/fonvalle.com.co\/portal\/wp-content\/uploads\/2022\/10\/MASCOTAS-LOS-OLIVOS-553x1536.png 553w, https:\/\/fonvalle.com.co\/portal\/wp-content\/uploads\/2022\/10\/MASCOTAS-LOS-OLIVOS-737x2048.png 737w, https:\/\/fonvalle.com.co\/portal\/wp-content\/uploads\/2022\/10\/MASCOTAS-LOS-OLIVOS-53x146.png 53w, https:\/\/fonvalle.com.co\/portal\/wp-content\/uploads\/2022\/10\/MASCOTAS-LOS-OLIVOS-18x50.png 18w, https:\/\/fonvalle.com.co\/portal\/wp-content\/uploads\/2022\/10\/MASCOTAS-LOS-OLIVOS-27x75.png 27w\" sizes=\"(max-width: 1080px) 100vw, 1080px\" \/>\t\t\t\t\t\t\t\t\t\t\t\t\t\t\t<\/div>\n\t\t\t\t\t<\/div>\n\t\t\t\t<\/div>\n\t\t<div class=\"elementor-element elementor-element-8be85ab e-flex e-con-boxed e-con e-parent\" data-id=\"8be85ab\" data-element_type=\"container\" data-e-type=\"container\" data-settings=\"{&quot;_ha_eqh_enable&quot;:false}\">\n\t\t\t\t\t<div class=\"e-con-inner\">\n\t\t\t\t<div class=\"elementor-element elementor-element-4c4f978 elementor-widget-divider--view-line elementor-widget elementor-widget-divider\" data-id=\"4c4f978\" data-element_type=\"widget\" data-e-type=\"widget\" data-widget_type=\"divider.default\">\n\t\t\t\t\t\t\t<div class=\"elementor-divider\">\n\t\t\t<span class=\"elementor-divider-separator\">\n\t\t\t\t\t\t<\/span>\n\t\t<\/div>\n\t\t\t\t\t\t<\/div>\n\t\t\t\t<div class=\"elementor-element elementor-element-8e997a9 elementor-widget elementor-widget-text-editor\" data-id=\"8e997a9\" data-element_type=\"widget\" data-e-type=\"widget\" data-widget_type=\"text-editor.default\">\n\t\t\t\t\t\t\t\t\t<h3 class=\"title\"><span style=\"color: #800000;\">PLAN EXEQUIAL PARA MASCOTAS<\/span><\/h3><p>Fonvalle en convenio con Los Olivos, brinda a sus asociados la posibilidad de adquirir un Plan de Previsi\u00f3n Exequial para sus mascotas.<\/p><p>Tarifa mensual para asociados de Fonvalle: $6.400. Protege perros y gatos en edades comprendidas para su ingreso desde los 3 meses hasta los 9 a\u00f1os. Se requiere para su inscripci\u00f3n el certificado de vacunas.<\/p>\t\t\t\t\t\t\t\t<\/div>\n\t\t\t\t<div class=\"elementor-element elementor-element-74ae3d0 elementor-widget elementor-widget-text-editor\" data-id=\"74ae3d0\" data-element_type=\"widget\" data-e-type=\"widget\" data-widget_type=\"text-editor.default\">\n\t\t\t\t\t\t\t\t\t<p><strong>Asesora Comercial Los Olivos:\u00a0<\/strong>Susan Gracce Chara Baos<\/p><p><strong>Celular:\u00a0<\/strong>3168298921<\/p><p><strong>Correo electr\u00f3nico:<\/strong>\u00a0<a href=\"mailto:gestorcomercial03cali@losolivos.co\" target=\"_blank\" rel=\"noopener\">gestorcomercial03cali@<wbr \/>losolivos.co<\/a><\/p>\t\t\t\t\t\t\t\t<\/div>\n\t\t\t\t<div class=\"elementor-element elementor-element-8906456 elementor-widget elementor-widget-image\" data-id=\"8906456\" data-element_type=\"widget\" data-e-type=\"widget\" data-widget_type=\"image.default\">\n\t\t\t\t\t\t\t\t\t\t\t\t\t\t\t<img decoding=\"async\" width=\"1080\" height=\"2200\" src=\"https:\/\/fonvalle.com.co\/portal\/wp-content\/uploads\/2022\/10\/PLAN-EXEQUIAL-MASCOTAS-LOS-OLIVOS-1.png\" class=\"attachment-full size-full wp-image-4664\" alt=\"\" srcset=\"https:\/\/fonvalle.com.co\/portal\/wp-content\/uploads\/2022\/10\/PLAN-EXEQUIAL-MASCOTAS-LOS-OLIVOS-1.png 1080w, https:\/\/fonvalle.com.co\/portal\/wp-content\/uploads\/2022\/10\/PLAN-EXEQUIAL-MASCOTAS-LOS-OLIVOS-1-147x300.png 147w, https:\/\/fonvalle.com.co\/portal\/wp-content\/uploads\/2022\/10\/PLAN-EXEQUIAL-MASCOTAS-LOS-OLIVOS-1-503x1024.png 503w, https:\/\/fonvalle.com.co\/portal\/wp-content\/uploads\/2022\/10\/PLAN-EXEQUIAL-MASCOTAS-LOS-OLIVOS-1-768x1564.png 768w, https:\/\/fonvalle.com.co\/portal\/wp-content\/uploads\/2022\/10\/PLAN-EXEQUIAL-MASCOTAS-LOS-OLIVOS-1-295x600.png 295w, https:\/\/fonvalle.com.co\/portal\/wp-content\/uploads\/2022\/10\/PLAN-EXEQUIAL-MASCOTAS-LOS-OLIVOS-1-754x1536.png 754w, https:\/\/fonvalle.com.co\/portal\/wp-content\/uploads\/2022\/10\/PLAN-EXEQUIAL-MASCOTAS-LOS-OLIVOS-1-1005x2048.png 1005w, https:\/\/fonvalle.com.co\/portal\/wp-content\/uploads\/2022\/10\/PLAN-EXEQUIAL-MASCOTAS-LOS-OLIVOS-1-72x146.png 72w, https:\/\/fonvalle.com.co\/portal\/wp-content\/uploads\/2022\/10\/PLAN-EXEQUIAL-MASCOTAS-LOS-OLIVOS-1-25x50.png 25w, https:\/\/fonvalle.com.co\/portal\/wp-content\/uploads\/2022\/10\/PLAN-EXEQUIAL-MASCOTAS-LOS-OLIVOS-1-37x75.png 37w\" sizes=\"(max-width: 1080px) 100vw, 1080px\" \/>\t\t\t\t\t\t\t\t\t\t\t\t\t\t\t<\/div>\n\t\t\t\t\t<\/div>\n\t\t\t\t<\/div>\n\t\t\t\t<\/div>\n\t\t","protected":false},"excerpt":{"rendered":"<p>SEGURO DE MASCOTAS Empresa aseguradora: SBS Seguros. Para recibir asesor\u00eda personalizada, comun\u00edquese a: Luis E. Herrera Duque,\u00a03106995556, luis.herrera@wtwco.com Lina L\u00f3pez, 3106681031, lina.lopez@wtwco.com Jos\u00e9 Miguel Jaramillo A., 3132490334 Para solicitar asistencia o presentar una reclamaci\u00f3n, comun\u00edquese a: #360 018000911360 opci\u00f3n 8 ASISTENCIAS PARA MASCOTAS Fonvalle en convenio con Los Olivos, brinda a sus asociados asistencias para [&hellip;]<\/p>\n","protected":false},"author":3,"featured_media":4746,"parent":937,"menu_order":0,"comment_status":"closed","ping_status":"closed","template":"","meta":{"_acf_changed":false,"footnotes":""},"class_list":["post-4588","page","type-page","status-publish","has-post-thumbnail","hentry"],"acf":[],"_links":{"self":[{"href":"https:\/\/fonvalle.com.co\/portal\/wp-json\/wp\/v2\/pages\/4588","targetHints":{"allow":["GET"]}}],"collection":[{"href":"https:\/\/fonvalle.com.co\/portal\/wp-json\/wp\/v2\/pages"}],"about":[{"href":"https:\/\/fonvalle.com.co\/portal\/wp-json\/wp\/v2\/types\/page"}],"author":[{"embeddable":true,"href":"https:\/\/fonvalle.com.co\/portal\/wp-json\/wp\/v2\/users\/3"}],"replies":[{"embeddable":true,"href":"https:\/\/fonvalle.com.co\/portal\/wp-json\/wp\/v2\/comments?post=4588"}],"version-history":[{"count":40,"href":"https:\/\/fonvalle.com.co\/portal\/wp-json\/wp\/v2\/pages\/4588\/revisions"}],"predecessor-version":[{"id":10183,"href":"https:\/\/fonvalle.com.co\/portal\/wp-json\/wp\/v2\/pages\/4588\/revisions\/10183"}],"up":[{"embeddable":true,"href":"https:\/\/fonvalle.com.co\/portal\/wp-json\/wp\/v2\/pages\/937"}],"wp:featuredmedia":[{"embeddable":true,"href":"https:\/\/fonvalle.com.co\/portal\/wp-json\/wp\/v2\/media\/4746"}],"wp:attachment":[{"href":"https:\/\/fonvalle.com.co\/portal\/wp-json\/wp\/v2\/media?parent=4588"}],"curies":[{"name":"wp","href":"https:\/\/api.w.org\/{rel}","templated":true}]}}