{"id":464,"date":"2019-10-24T16:48:47","date_gmt":"2019-10-24T21:48:47","guid":{"rendered":"http:\/\/altosentido.net\/pruebas\/fonvalle2019\/?page_id=464"},"modified":"2025-12-05T20:01:37","modified_gmt":"2025-12-06T01:01:37","slug":"fompas","status":"publish","type":"page","link":"https:\/\/fonvalle.com.co\/portal\/fompas\/","title":{"rendered":"Fompas"},"content":{"rendered":"\t\t<div data-elementor-type=\"wp-page\" data-elementor-id=\"464\" class=\"elementor elementor-464\" data-elementor-post-type=\"page\">\n\t\t\t\t<div class=\"elementor-element elementor-element-6c064a5 e-flex e-con-boxed e-con e-parent\" data-id=\"6c064a5\" data-element_type=\"container\" data-e-type=\"container\" data-settings=\"{&quot;_ha_eqh_enable&quot;:false}\">\n\t\t\t\t\t<div class=\"e-con-inner\">\n\t\t\t\t<div class=\"elementor-element elementor-element-76471ba elementor-widget elementor-widget-heading\" data-id=\"76471ba\" data-element_type=\"widget\" data-e-type=\"widget\" data-widget_type=\"heading.default\">\n\t\t\t\t\t<h2 class=\"elementor-heading-title elementor-size-default\">Fondo Mutual de Previsi\u00f3n, Asistencia y Solidaridad \u201cFOMPAS\u201d, FOMPAS<\/h2>\t\t\t\t<\/div>\n\t\t\t\t\t<\/div>\n\t\t\t\t<\/div>\n\t\t<div class=\"elementor-element elementor-element-c8fd883 e-flex e-con-boxed e-con e-parent\" data-id=\"c8fd883\" data-element_type=\"container\" data-e-type=\"container\" data-settings=\"{&quot;background_background&quot;:&quot;classic&quot;,&quot;_ha_eqh_enable&quot;:false}\">\n\t\t\t\t\t<div class=\"e-con-inner\">\n\t\t<div class=\"elementor-element elementor-element-ba24bba e-con-full e-flex e-con e-child\" data-id=\"ba24bba\" data-element_type=\"container\" data-e-type=\"container\" data-settings=\"{&quot;_ha_eqh_enable&quot;:false}\">\n\t\t\t\t<div class=\"elementor-element elementor-element-9ac5def elementor-widget elementor-widget-text-editor\" data-id=\"9ac5def\" data-element_type=\"widget\" data-e-type=\"widget\" data-widget_type=\"text-editor.default\">\n\t\t\t\t\t\t\t\t\t<p><span style=\"color: #800000;\"><strong>FONVALLE<\/strong><\/span>, como entidad de la Econom\u00eda Solidaria y respetuosa de los principios cooperativos, en especial aquellos que consagran la solidaridad y ayuda mutua, ha trabajado de manera permanente en el mantenimiento de condiciones que le permitan a los asociados y sus familias, contar con beneficios de previsi\u00f3n y protecci\u00f3n, y por tal raz\u00f3n tiene establecido convenio con Compa\u00f1\u00eda de Seguros, para permitir que los asociados gocen de un seguro de vida de deuda, el cual, bajo las condiciones establecidas permite la asegurabilidad de aquellos saldos de obligaciones a cargo de los asociados, para que al momento de la muerte, dichas obligaciones sean reconocidas y canceladas a trav\u00e9s de este mecanismo.<\/p>\t\t\t\t\t\t\t\t<\/div>\n\t\t\t\t<\/div>\n\t\t<div class=\"elementor-element elementor-element-b53e68e e-con-full e-flex e-con e-child\" data-id=\"b53e68e\" data-element_type=\"container\" data-e-type=\"container\" data-settings=\"{&quot;_ha_eqh_enable&quot;:false}\">\n\t\t\t\t<div class=\"elementor-element elementor-element-9366712 elementor-widget elementor-widget-image\" data-id=\"9366712\" data-element_type=\"widget\" data-e-type=\"widget\" data-widget_type=\"image.default\">\n\t\t\t\t\t\t\t\t\t\t\t\t\t\t\t<img fetchpriority=\"high\" decoding=\"async\" width=\"768\" height=\"512\" src=\"https:\/\/fonvalle.com.co\/portal\/wp-content\/uploads\/2019\/12\/fompas.jpg\" class=\"attachment-large size-large wp-image-890\" alt=\"\" srcset=\"https:\/\/fonvalle.com.co\/portal\/wp-content\/uploads\/2019\/12\/fompas.jpg 768w, https:\/\/fonvalle.com.co\/portal\/wp-content\/uploads\/2019\/12\/fompas-300x200.jpg 300w, https:\/\/fonvalle.com.co\/portal\/wp-content\/uploads\/2019\/12\/fompas-219x146.jpg 219w, https:\/\/fonvalle.com.co\/portal\/wp-content\/uploads\/2019\/12\/fompas-50x33.jpg 50w, https:\/\/fonvalle.com.co\/portal\/wp-content\/uploads\/2019\/12\/fompas-113x75.jpg 113w\" sizes=\"(max-width: 768px) 100vw, 768px\" \/>\t\t\t\t\t\t\t\t\t\t\t\t\t\t\t<\/div>\n\t\t\t\t<\/div>\n\t\t\t\t\t<\/div>\n\t\t\t\t<\/div>\n\t\t<div class=\"elementor-element elementor-element-7e1587c e-flex e-con-boxed e-con e-parent\" data-id=\"7e1587c\" data-element_type=\"container\" data-e-type=\"container\" data-settings=\"{&quot;_ha_eqh_enable&quot;:false}\">\n\t\t\t\t\t<div class=\"e-con-inner\">\n\t\t\t\t<div class=\"elementor-element elementor-element-16cb85a elementor-widget elementor-widget-text-editor\" data-id=\"16cb85a\" data-element_type=\"widget\" data-e-type=\"widget\" data-widget_type=\"text-editor.default\">\n\t\t\t\t\t\t\t\t\t<p>Por todo lo anterior, en Asamblea Extraordinaria de Delegados aprob\u00f3 la creaci\u00f3n del Fondo Mutual de Previsi\u00f3n, Asistencia y Solidaridad \u201cFOMPAS\u201d, que como su nombre lo indica basa sus pilares fundamentalmente en la mutualidad y pretende prestar servicios de previsi\u00f3n a aquellos asociados que, por sus condiciones de salud o edad, no gocen del beneficio de protecci\u00f3n ofrecido por las p\u00f3lizas de seguro contratadas por FONVALLE para el cubrimiento de sus obligaciones de cr\u00e9dito.<\/p><p>Este Fondo Mutual se constituye como el mecanismo m\u00e1s apropiado para estos prop\u00f3sitos, y en aras de cumplir con lo que la normatividad sobre el tema exige, cada asociado de FONVALLE aportar\u00e1 peri\u00f3dicamente, en este caso cada mes, una contribuci\u00f3n individual al Fondo. Con dicho pago, el asociado asegura la contraprestaci\u00f3n de un auxilio futuro, que beneficiar\u00e1 a sus familiares y\/o herederos, en las condiciones que se han establecido para la operatividad de este Fondo Mutual.<\/p><p>Para mayor informaci\u00f3n usted puede consultar reglamentaci\u00f3n.<\/p>\t\t\t\t\t\t\t\t<\/div>\n\t\t\t\t<div class=\"elementor-element elementor-element-1a55088 elementor-align-center elementor-widget elementor-widget-button\" data-id=\"1a55088\" data-element_type=\"widget\" data-e-type=\"widget\" data-widget_type=\"button.default\">\n\t\t\t\t\t\t\t\t\t\t<a class=\"elementor-button elementor-button-link elementor-size-sm elementor-animation-pop\" href=\"https:\/\/fonvalle.com.co\/portal\/reglamentacion\/\">\n\t\t\t\t\t\t<span class=\"elementor-button-content-wrapper\">\n\t\t\t\t\t\t<span class=\"elementor-button-icon\">\n\t\t\t\t<i aria-hidden=\"true\" class=\"hm hm-arrow-right\"><\/i>\t\t\t<\/span>\n\t\t\t\t\t\t\t\t\t<span class=\"elementor-button-text\">Para mayor informaci\u00f3n usted puede consultar reglamentaci\u00f3n <\/span>\n\t\t\t\t\t<\/span>\n\t\t\t\t\t<\/a>\n\t\t\t\t\t\t\t\t<\/div>\n\t\t\t\t\t<\/div>\n\t\t\t\t<\/div>\n\t\t\t\t<\/div>\n\t\t","protected":false},"excerpt":{"rendered":"<p>Fondo Mutual de Previsi\u00f3n, Asistencia y Solidaridad \u201cFOMPAS\u201d, FOMPAS FONVALLE, como entidad de la Econom\u00eda Solidaria y respetuosa de los principios cooperativos, en especial aquellos que consagran la solidaridad y ayuda mutua, ha trabajado de manera permanente en el mantenimiento de condiciones que le permitan a los asociados y sus familias, contar con beneficios de [&hellip;]<\/p>\n","protected":false},"author":1,"featured_media":0,"parent":0,"menu_order":0,"comment_status":"closed","ping_status":"closed","template":"","meta":{"_acf_changed":false,"footnotes":""},"class_list":["post-464","page","type-page","status-publish","hentry"],"acf":[],"_links":{"self":[{"href":"https:\/\/fonvalle.com.co\/portal\/wp-json\/wp\/v2\/pages\/464","targetHints":{"allow":["GET"]}}],"collection":[{"href":"https:\/\/fonvalle.com.co\/portal\/wp-json\/wp\/v2\/pages"}],"about":[{"href":"https:\/\/fonvalle.com.co\/portal\/wp-json\/wp\/v2\/types\/page"}],"author":[{"embeddable":true,"href":"https:\/\/fonvalle.com.co\/portal\/wp-json\/wp\/v2\/users\/1"}],"replies":[{"embeddable":true,"href":"https:\/\/fonvalle.com.co\/portal\/wp-json\/wp\/v2\/comments?post=464"}],"version-history":[{"count":23,"href":"https:\/\/fonvalle.com.co\/portal\/wp-json\/wp\/v2\/pages\/464\/revisions"}],"predecessor-version":[{"id":9530,"href":"https:\/\/fonvalle.com.co\/portal\/wp-json\/wp\/v2\/pages\/464\/revisions\/9530"}],"wp:attachment":[{"href":"https:\/\/fonvalle.com.co\/portal\/wp-json\/wp\/v2\/media?parent=464"}],"curies":[{"name":"wp","href":"https:\/\/api.w.org\/{rel}","templated":true}]}}