{"id":469,"date":"2019-10-24T17:08:56","date_gmt":"2019-10-24T22:08:56","guid":{"rendered":"http:\/\/altosentido.net\/pruebas\/fonvalle2019\/?page_id=469"},"modified":"2025-10-31T17:27:26","modified_gmt":"2025-10-31T22:27:26","slug":"polizas-de-vida","status":"publish","type":"page","link":"https:\/\/fonvalle.com.co\/portal\/polizas-de-vida\/","title":{"rendered":"Polizas de vida"},"content":{"rendered":"\t\t<div data-elementor-type=\"wp-page\" data-elementor-id=\"469\" class=\"elementor elementor-469\" data-elementor-post-type=\"page\">\n\t\t\t\t<div class=\"elementor-element elementor-element-2fa6302 e-flex e-con-boxed e-con e-parent\" data-id=\"2fa6302\" data-element_type=\"container\" data-e-type=\"container\" data-settings=\"{&quot;_ha_eqh_enable&quot;:false}\">\n\t\t\t\t\t<div class=\"e-con-inner\">\n\t\t<div class=\"elementor-element elementor-element-2a9c547 e-con-full e-flex e-con e-child\" data-id=\"2a9c547\" data-element_type=\"container\" data-e-type=\"container\" data-settings=\"{&quot;_ha_eqh_enable&quot;:false}\">\n\t\t\t\t<div class=\"elementor-element elementor-element-39a1707 elementor-widget elementor-widget-heading\" data-id=\"39a1707\" data-element_type=\"widget\" data-e-type=\"widget\" data-widget_type=\"heading.default\">\n\t\t\t\t\t<div class=\"elementor-heading-title elementor-size-default\"><b class=\"txt-vino\">Fonvalle<\/b> tiene contratada de manera permanente, las p\u00f3lizas de Vida Grupo Deudores y Ahorradores. Actualmente se cuenta con la asesor\u00eda del Corredor de Seguros Willis Towers Watson y el respaldo de la aseguradora Mapfre. FONVALLE continuar\u00e1 asumiendo la totalidad del costo de las primas.<\/div>\t\t\t\t<\/div>\n\t\t\t\t<\/div>\n\t\t\t\t\t<\/div>\n\t\t\t\t<\/div>\n\t\t<div class=\"elementor-element elementor-element-5283bef e-flex e-con-boxed e-con e-parent\" data-id=\"5283bef\" data-element_type=\"container\" data-e-type=\"container\" data-settings=\"{&quot;background_background&quot;:&quot;classic&quot;,&quot;_ha_eqh_enable&quot;:false}\">\n\t\t\t\t\t<div class=\"e-con-inner\">\n\t\t<div class=\"elementor-element elementor-element-282026d e-con-full e-flex e-con e-child\" data-id=\"282026d\" data-element_type=\"container\" data-e-type=\"container\" data-settings=\"{&quot;_ha_eqh_enable&quot;:false}\">\n\t\t\t\t<div class=\"elementor-element elementor-element-71dd434 elementor-widget elementor-widget-heading\" data-id=\"71dd434\" data-element_type=\"widget\" data-e-type=\"widget\" data-widget_type=\"heading.default\">\n\t\t\t\t\t<h2 class=\"elementor-heading-title elementor-size-default\">P\u00d3LIZA DE VIDA GRUPO DEUDORES<\/h2>\t\t\t\t<\/div>\n\t\t\t\t<div class=\"elementor-element elementor-element-21b21cb elementor-widget elementor-widget-text-editor\" data-id=\"21b21cb\" data-element_type=\"widget\" data-e-type=\"widget\" data-widget_type=\"text-editor.default\">\n\t\t\t\t\t\t\t\t\t<p>Cubre los saldos de las deudas adquiridas por los asociados con <span style=\"color: #800000;\"><strong>FONVALLE<\/strong><\/span>, al momento de fallecimiento o de una incapacidad total y permanente.<\/p>\t\t\t\t\t\t\t\t<\/div>\n\t\t\t\t<\/div>\n\t\t<div class=\"elementor-element elementor-element-8e77bb0 e-con-full e-flex e-con e-child\" data-id=\"8e77bb0\" data-element_type=\"container\" data-e-type=\"container\" data-settings=\"{&quot;_ha_eqh_enable&quot;:false}\">\n\t\t\t\t<div class=\"elementor-element elementor-element-04a8a55 elementor-widget elementor-widget-image\" data-id=\"04a8a55\" data-element_type=\"widget\" data-e-type=\"widget\" data-widget_type=\"image.default\">\n\t\t\t\t\t\t\t\t\t\t\t\t\t\t\t<img fetchpriority=\"high\" decoding=\"async\" width=\"521\" height=\"308\" src=\"https:\/\/fonvalle.com.co\/portal\/wp-content\/uploads\/2019\/10\/poliza-de-seguro.jpg\" class=\"attachment-large size-large wp-image-471\" alt=\"\" srcset=\"https:\/\/fonvalle.com.co\/portal\/wp-content\/uploads\/2019\/10\/poliza-de-seguro.jpg 521w, https:\/\/fonvalle.com.co\/portal\/wp-content\/uploads\/2019\/10\/poliza-de-seguro-300x177.jpg 300w, https:\/\/fonvalle.com.co\/portal\/wp-content\/uploads\/2019\/10\/poliza-de-seguro-247x146.jpg 247w, https:\/\/fonvalle.com.co\/portal\/wp-content\/uploads\/2019\/10\/poliza-de-seguro-50x30.jpg 50w, https:\/\/fonvalle.com.co\/portal\/wp-content\/uploads\/2019\/10\/poliza-de-seguro-127x75.jpg 127w\" sizes=\"(max-width: 521px) 100vw, 521px\" \/>\t\t\t\t\t\t\t\t\t\t\t\t\t\t\t<\/div>\n\t\t\t\t<\/div>\n\t\t\t\t\t<\/div>\n\t\t\t\t<\/div>\n\t\t<div class=\"elementor-element elementor-element-de7c58d e-flex e-con-boxed e-con e-parent\" data-id=\"de7c58d\" data-element_type=\"container\" data-e-type=\"container\" data-settings=\"{&quot;_ha_eqh_enable&quot;:false}\">\n\t\t\t\t\t<div class=\"e-con-inner\">\n\t\t\t\t<div class=\"elementor-element elementor-element-fc4a2b4 ha-has-bg-overlay elementor-widget elementor-widget-heading\" data-id=\"fc4a2b4\" data-element_type=\"widget\" data-e-type=\"widget\" data-widget_type=\"heading.default\">\n\t\t\t\t\t<h3 class=\"elementor-heading-title elementor-size-default\">LAS COBERTURAS SON:<\/h3>\t\t\t\t<\/div>\n\t\t\t\t\t<\/div>\n\t\t\t\t<\/div>\n\t\t<div class=\"elementor-element elementor-element-36053b2 e-flex e-con-boxed e-con e-parent\" data-id=\"36053b2\" data-element_type=\"container\" data-e-type=\"container\" data-settings=\"{&quot;_ha_eqh_enable&quot;:false}\">\n\t\t\t\t\t<div class=\"e-con-inner\">\n\t\t<div class=\"elementor-element elementor-element-67eac6f e-con-full e-flex e-con e-child\" data-id=\"67eac6f\" data-element_type=\"container\" data-e-type=\"container\" data-settings=\"{&quot;_ha_eqh_enable&quot;:false}\">\n\t\t\t\t<div class=\"elementor-element elementor-element-860845c elementor-widget elementor-widget-heading\" data-id=\"860845c\" data-element_type=\"widget\" data-e-type=\"widget\" data-widget_type=\"heading.default\">\n\t\t\t\t\t<h2 class=\"elementor-heading-title elementor-size-default\">Vida (muerte del deudor):<\/h2>\t\t\t\t<\/div>\n\t\t\t\t<div class=\"elementor-element elementor-element-2aebe4a elementor-widget elementor-widget-text-editor\" data-id=\"2aebe4a\" data-element_type=\"widget\" data-e-type=\"widget\" data-widget_type=\"text-editor.default\">\n\t\t\t\t\t\t\t\t\t<p>Si el asegurado fallece por cualquier causa, la compa\u00f1\u00eda pagar\u00e1 el valor asegurado para este amparo, siempre que la fecha de fallecimiento ocurra durante la vigencia de este amparo. El pago del valor asegurado para este amparo generar\u00e1 la terminaci\u00f3n autom\u00e1tica del contrato de seguro. Si se otorga cobertura por Suicidio, Terrorismo, Eutanacia.<\/p><p>Valor asegurado: Para asegurados con edad igual o menor de 75 a\u00f1os de hasta $60.000.000. Entre 76 y 85 a\u00f1os de edad, el valor asegurado ser\u00e1 de $35.000.000 y para mayores de 85 a\u00f1os de edad no habr\u00e1 asegurabilidad.<\/p>\t\t\t\t\t\t\t\t<\/div>\n\t\t\t\t<div class=\"elementor-element elementor-element-343845e elementor-widget elementor-widget-heading\" data-id=\"343845e\" data-element_type=\"widget\" data-e-type=\"widget\" data-widget_type=\"heading.default\">\n\t\t\t\t\t<h2 class=\"elementor-heading-title elementor-size-default\">Auxilio funerario:<\/h2>\t\t\t\t<\/div>\n\t\t\t\t<div class=\"elementor-element elementor-element-02072a8 elementor-widget elementor-widget-text-editor\" data-id=\"02072a8\" data-element_type=\"widget\" data-e-type=\"widget\" data-widget_type=\"text-editor.default\">\n\t\t\t\t\t\t\t\t\t<p>La compa\u00f1\u00eda pagar\u00e1 la suma asegurada ( $3.600.000 ) para este amparo al (los) beneficiario (s) designado (s) o en su defecto los de ley, para sufragar los gastos funerarios, siempre y cuando se contrate la cobertura.<\/p><p>L\u00edmite de edad para otorgamiento de cobertura: 75 a\u00f1os + 364 d\u00edas<\/p>\t\t\t\t\t\t\t\t<\/div>\n\t\t\t\t<\/div>\n\t\t<div class=\"elementor-element elementor-element-d143bd0 e-con-full e-flex e-con e-child\" data-id=\"d143bd0\" data-element_type=\"container\" data-e-type=\"container\" data-settings=\"{&quot;_ha_eqh_enable&quot;:false}\">\n\t\t\t\t<div class=\"elementor-element elementor-element-80b0bba elementor-widget elementor-widget-heading\" data-id=\"80b0bba\" data-element_type=\"widget\" data-e-type=\"widget\" data-widget_type=\"heading.default\">\n\t\t\t\t\t<h2 class=\"elementor-heading-title elementor-size-default\">Incapacidad Total y Permanente:<\/h2>\t\t\t\t<\/div>\n\t\t\t\t<div class=\"elementor-element elementor-element-3fce94f elementor-widget elementor-widget-text-editor\" data-id=\"3fce94f\" data-element_type=\"widget\" data-e-type=\"widget\" data-widget_type=\"text-editor.default\">\n\t\t\t\t\t\t\t\t\t<p>La Compa\u00f1\u00eda pagar\u00e1 al asegurado el valor contratado para esta cobertura, si como consecuencia de una enfermedad o accidente, sufrido por el asegurado, siempre y cuando haya sido ocasionada o se manifieste estando dentro de la vigencia de la p\u00f3liza y le produzca una Incapacidad Total y Permanente, por primera vez, para el caso de las enfermedades, para los accidentes corresponde a la fecha del accidente que deber\u00e1n estar dentro de la vigencia de la p\u00f3liza.<\/p>\t\t\t\t\t\t\t\t<\/div>\n\t\t\t\t<\/div>\n\t\t\t\t\t<\/div>\n\t\t\t\t<\/div>\n\t\t\t\t<\/div>\n\t\t","protected":false},"excerpt":{"rendered":"<p>Fonvalle tiene contratada de manera permanente, las p\u00f3lizas de Vida Grupo Deudores y Ahorradores. Actualmente se cuenta con la asesor\u00eda del Corredor de Seguros Willis Towers Watson y el respaldo de la aseguradora Mapfre. FONVALLE continuar\u00e1 asumiendo la totalidad del costo de las primas. P\u00d3LIZA DE VIDA GRUPO DEUDORES Cubre los saldos de las deudas [&hellip;]<\/p>\n","protected":false},"author":1,"featured_media":0,"parent":0,"menu_order":0,"comment_status":"closed","ping_status":"closed","template":"","meta":{"_acf_changed":false,"footnotes":""},"class_list":["post-469","page","type-page","status-publish","hentry"],"acf":[],"_links":{"self":[{"href":"https:\/\/fonvalle.com.co\/portal\/wp-json\/wp\/v2\/pages\/469","targetHints":{"allow":["GET"]}}],"collection":[{"href":"https:\/\/fonvalle.com.co\/portal\/wp-json\/wp\/v2\/pages"}],"about":[{"href":"https:\/\/fonvalle.com.co\/portal\/wp-json\/wp\/v2\/types\/page"}],"author":[{"embeddable":true,"href":"https:\/\/fonvalle.com.co\/portal\/wp-json\/wp\/v2\/users\/1"}],"replies":[{"embeddable":true,"href":"https:\/\/fonvalle.com.co\/portal\/wp-json\/wp\/v2\/comments?post=469"}],"version-history":[{"count":28,"href":"https:\/\/fonvalle.com.co\/portal\/wp-json\/wp\/v2\/pages\/469\/revisions"}],"predecessor-version":[{"id":9151,"href":"https:\/\/fonvalle.com.co\/portal\/wp-json\/wp\/v2\/pages\/469\/revisions\/9151"}],"wp:attachment":[{"href":"https:\/\/fonvalle.com.co\/portal\/wp-json\/wp\/v2\/media?parent=469"}],"curies":[{"name":"wp","href":"https:\/\/api.w.org\/{rel}","templated":true}]}}