{"id":477,"date":"2019-10-25T10:41:29","date_gmt":"2019-10-25T15:41:29","guid":{"rendered":"http:\/\/altosentido.net\/pruebas\/fonvalle2019\/?page_id=477"},"modified":"2025-10-31T17:36:51","modified_gmt":"2025-10-31T22:36:51","slug":"servicio-funerario","status":"publish","type":"page","link":"https:\/\/fonvalle.com.co\/portal\/servicio-funerario\/","title":{"rendered":"Servicio Funerario"},"content":{"rendered":"\t\t<div data-elementor-type=\"wp-page\" data-elementor-id=\"477\" class=\"elementor elementor-477\" data-elementor-post-type=\"page\">\n\t\t\t\t<div class=\"elementor-element elementor-element-806772d e-flex e-con-boxed e-con e-parent\" data-id=\"806772d\" data-element_type=\"container\" data-e-type=\"container\" data-settings=\"{&quot;_ha_eqh_enable&quot;:false}\">\n\t\t\t\t\t<div class=\"e-con-inner\">\n\t\t<div class=\"elementor-element elementor-element-5bea5c8 e-con-full e-flex e-con e-child\" data-id=\"5bea5c8\" data-element_type=\"container\" data-e-type=\"container\" data-settings=\"{&quot;_ha_eqh_enable&quot;:false}\">\n\t\t\t\t<div class=\"elementor-element elementor-element-7e3a086 elementor-widget elementor-widget-image\" data-id=\"7e3a086\" data-element_type=\"widget\" data-e-type=\"widget\" data-widget_type=\"image.default\">\n\t\t\t\t\t\t\t\t\t\t\t\t\t\t\t<img fetchpriority=\"high\" decoding=\"async\" width=\"492\" height=\"186\" src=\"https:\/\/fonvalle.com.co\/portal\/wp-content\/uploads\/2019\/10\/logo_desktop.png\" class=\"attachment-large size-large wp-image-479\" alt=\"\" srcset=\"https:\/\/fonvalle.com.co\/portal\/wp-content\/uploads\/2019\/10\/logo_desktop.png 492w, https:\/\/fonvalle.com.co\/portal\/wp-content\/uploads\/2019\/10\/logo_desktop-300x113.png 300w, https:\/\/fonvalle.com.co\/portal\/wp-content\/uploads\/2019\/10\/logo_desktop-260x98.png 260w, https:\/\/fonvalle.com.co\/portal\/wp-content\/uploads\/2019\/10\/logo_desktop-50x19.png 50w, https:\/\/fonvalle.com.co\/portal\/wp-content\/uploads\/2019\/10\/logo_desktop-150x57.png 150w\" sizes=\"(max-width: 492px) 100vw, 492px\" \/>\t\t\t\t\t\t\t\t\t\t\t\t\t\t\t<\/div>\n\t\t\t\t<\/div>\n\t\t<div class=\"elementor-element elementor-element-263649f e-con-full e-flex e-con e-child\" data-id=\"263649f\" data-element_type=\"container\" data-e-type=\"container\" data-settings=\"{&quot;_ha_eqh_enable&quot;:false}\">\n\t\t\t\t<div class=\"elementor-element elementor-element-2f3a8df elementor-widget elementor-widget-text-editor\" data-id=\"2f3a8df\" data-element_type=\"widget\" data-e-type=\"widget\" data-widget_type=\"text-editor.default\">\n\t\t\t\t\t\t\t\t\t<ul class=\"list_check\">\n \t<li>Tramitaci\u00f3n de documentos legales exigidos, excepto el registro de defunci\u00f3n que deber\u00e1 suministrarlo la familia del fallecido.<\/li>\n \t<li>Traslado de la persona fallecida desde el sitio de recepci\u00f3n del cad\u00e1ver hasta el lugar de velaci\u00f3n, Nacional hasta 300 km.<\/li>\n \t<li>Conservaci\u00f3n normal del cuerpo. (24 horas)<\/li>\n \t<li>Cofre o Ata\u00fad<\/li>\n \t<li>Sala de velaci\u00f3n en la red los Olivos salas Ejecutivas est\u00e1ndar u en convenio.<\/li>\n \t<li>Se proporcionaran los elementos necesarios para llevar a cabo la velaci\u00f3n en el sitio indicado por el interesado.<\/li>\n \t<li>Suministro de cinta y carteles membreteados con el nombre del fallecido, un arreglo floral, recordatorio y libro de oraciones.<\/li>\n \t<li>Veh\u00edculo carroza.<\/li>\n<\/ul>\t\t\t\t\t\t\t\t<\/div>\n\t\t\t\t<\/div>\n\t\t\t\t\t<\/div>\n\t\t\t\t<\/div>\n\t\t<div class=\"elementor-element elementor-element-c801a53 e-flex e-con-boxed e-con e-parent\" data-id=\"c801a53\" data-element_type=\"container\" data-e-type=\"container\" data-settings=\"{&quot;background_background&quot;:&quot;classic&quot;,&quot;_ha_eqh_enable&quot;:false}\">\n\t\t\t\t\t<div class=\"e-con-inner\">\n\t\t<div class=\"elementor-element elementor-element-6157ca0 e-con-full e-flex e-con e-child\" data-id=\"6157ca0\" data-element_type=\"container\" data-e-type=\"container\" data-settings=\"{&quot;_ha_eqh_enable&quot;:false}\">\n\t\t\t\t<div class=\"elementor-element elementor-element-72037eb elementor-widget elementor-widget-text-editor\" data-id=\"72037eb\" data-element_type=\"widget\" data-e-type=\"widget\" data-widget_type=\"text-editor.default\">\n\t\t\t\t\t\t\t\t\t<ul class=\"list_check\"><li>Misa.<\/li><li>Servicio de transporte para acompa\u00f1antes desde el sitio de velaci\u00f3n hasta el camposanto dentro del per\u00edmetro urbano. (25 personas)<\/li><li>Servicio de velaci\u00f3n virtual,\u00a0en la red nacional Los Olivos donde exista este servicio.<\/li><li>Servicio de acompa\u00f1amiento para servicio de duelo.<\/li><li>Protocolo homenaje de amor ( Red los Olivos)<\/li><li><strong>Destino final:<\/strong> Lote \u2013 Uso temporal en toda la red Sercofun con cobertura del 100% a nivel nacional, incluye 12 cementerios propios los Olivos hasta por 4 a\u00f1os, hasta 2.3 SMMLV<\/li><li><strong>Destino Final:<\/strong> Osario \u2013 Osario en la red Sercofun con cobertura a 100% del territorio nacional, incluye los 12 cementerios los Olivos, hasta por hasta 1.5 SMMLV. Osario en los sitios en los cuales SERCOFUN LTDA FUNERALES LOS OLIVOS tenga disponibilidad, o compensaci\u00f3n econ\u00f3mica por osario hasta por 1.0 SMMLV.<\/li><li><strong>Destino Final:<\/strong> Cremaci\u00f3n \u2013\u00a0Cremaci\u00f3n en toda la red Sercofun con cobertura a 100% del territorio nacional, incluyendo los 13 crematorios de los Olivos a nivel nacional<\/li><li>Repatriaci\u00f3n de cenizas: hasta 1.5 SMMLV<\/li><\/ul>\t\t\t\t\t\t\t\t<\/div>\n\t\t\t\t<\/div>\n\t\t<div class=\"elementor-element elementor-element-f4a8e59 e-con-full e-flex e-con e-child\" data-id=\"f4a8e59\" data-element_type=\"container\" data-e-type=\"container\" data-settings=\"{&quot;_ha_eqh_enable&quot;:false}\">\n\t\t\t\t<div class=\"elementor-element elementor-element-800c320 elementor-widget elementor-widget-image\" data-id=\"800c320\" data-element_type=\"widget\" data-e-type=\"widget\" data-widget_type=\"image.default\">\n\t\t\t\t\t\t\t\t\t\t\t\t\t\t\t<img decoding=\"async\" width=\"480\" height=\"640\" src=\"https:\/\/fonvalle.com.co\/portal\/wp-content\/uploads\/2019\/10\/arlington-memorial-cemetery-4573486_640.jpg\" class=\"attachment-large size-large wp-image-485\" alt=\"\" srcset=\"https:\/\/fonvalle.com.co\/portal\/wp-content\/uploads\/2019\/10\/arlington-memorial-cemetery-4573486_640.jpg 480w, https:\/\/fonvalle.com.co\/portal\/wp-content\/uploads\/2019\/10\/arlington-memorial-cemetery-4573486_640-225x300.jpg 225w, https:\/\/fonvalle.com.co\/portal\/wp-content\/uploads\/2019\/10\/arlington-memorial-cemetery-4573486_640-110x146.jpg 110w, https:\/\/fonvalle.com.co\/portal\/wp-content\/uploads\/2019\/10\/arlington-memorial-cemetery-4573486_640-38x50.jpg 38w, https:\/\/fonvalle.com.co\/portal\/wp-content\/uploads\/2019\/10\/arlington-memorial-cemetery-4573486_640-56x75.jpg 56w\" sizes=\"(max-width: 480px) 100vw, 480px\" \/>\t\t\t\t\t\t\t\t\t\t\t\t\t\t\t<\/div>\n\t\t\t\t<\/div>\n\t\t\t\t\t<\/div>\n\t\t\t\t<\/div>\n\t\t<div class=\"elementor-element elementor-element-7975b6a e-flex e-con-boxed e-con e-parent\" data-id=\"7975b6a\" data-element_type=\"container\" data-e-type=\"container\" data-settings=\"{&quot;_ha_eqh_enable&quot;:false}\">\n\t\t\t\t\t<div class=\"e-con-inner\">\n\t\t<div class=\"elementor-element elementor-element-7adf57a e-con-full e-flex e-con e-child\" data-id=\"7adf57a\" data-element_type=\"container\" data-e-type=\"container\" data-settings=\"{&quot;_ha_eqh_enable&quot;:false}\">\n\t\t\t\t<div class=\"elementor-element elementor-element-af7c7b5 elementor-widget elementor-widget-image\" data-id=\"af7c7b5\" data-element_type=\"widget\" data-e-type=\"widget\" data-widget_type=\"image.default\">\n\t\t\t\t\t\t\t\t\t\t\t\t\t\t\t<img decoding=\"async\" width=\"640\" height=\"426\" src=\"https:\/\/fonvalle.com.co\/portal\/wp-content\/uploads\/2019\/10\/death-2421820_640.jpg\" class=\"attachment-large size-large wp-image-488\" alt=\"\" srcset=\"https:\/\/fonvalle.com.co\/portal\/wp-content\/uploads\/2019\/10\/death-2421820_640.jpg 640w, https:\/\/fonvalle.com.co\/portal\/wp-content\/uploads\/2019\/10\/death-2421820_640-300x200.jpg 300w, https:\/\/fonvalle.com.co\/portal\/wp-content\/uploads\/2019\/10\/death-2421820_640-219x146.jpg 219w, https:\/\/fonvalle.com.co\/portal\/wp-content\/uploads\/2019\/10\/death-2421820_640-50x33.jpg 50w, https:\/\/fonvalle.com.co\/portal\/wp-content\/uploads\/2019\/10\/death-2421820_640-113x75.jpg 113w\" sizes=\"(max-width: 640px) 100vw, 640px\" \/>\t\t\t\t\t\t\t\t\t\t\t\t\t\t\t<\/div>\n\t\t\t\t<\/div>\n\t\t<div class=\"elementor-element elementor-element-0cfcc3b e-con-full e-flex e-con e-child\" data-id=\"0cfcc3b\" data-element_type=\"container\" data-e-type=\"container\" data-settings=\"{&quot;_ha_eqh_enable&quot;:false}\">\n\t\t\t\t<div class=\"elementor-element elementor-element-149c656 elementor-widget elementor-widget-text-editor\" data-id=\"149c656\" data-element_type=\"widget\" data-e-type=\"widget\" data-widget_type=\"text-editor.default\">\n\t\t\t\t\t\t\t\t\t<ul class=\"list_check\"><li>Auxilio Lote-B\u00f3veda-Cremaci\u00f3n en caso de hacer uso de\u00a0alg\u00fan t\u00edtulo de propiedad \u2013\u00a0Se incluye el pago de los derechos de adecuaci\u00f3n del\u00a0loteo derechos hasta por la suma de $1.171.863,\u00a0aplicable en la red Sercofun.<\/li><li>Auxilio Exhumaci\u00f3n-\u00a0se otorga 100% para el afiliado principal y auxilio de 1SMMLV para sus beneficiarios. para reclamar este\u00a0derecho se debe permanecer de manera ininterrumpida\u00a0hasta el momento de la exhumaci\u00f3n.<\/li><li>Cenizario \u2013\u00a0Hasta 1SMMLV ( Para solicitar este beneficio, debe\u00a0permanecer continuamente sin ninguna interrupcion\u00a0hasta el momento de la exhumaci\u00f3n).<\/li><li>Osario \u2013\u00a0Hasta 1SMMLV ( Para solicitar este beneficio, debe\u00a0permanecer continuamente sin ninguna interrupcion\u00a0hasta el momento de la exhumaci\u00f3n).<\/li><li>Auxilio Funerario y Exequial por no utilizaci\u00f3n del servicio \u2013\u00a0en caso de fuerza mayor o donde los olivos no tenga\u00a0convenio se cubre hasta el 2.72 SMMLV, previa\u00a0autorizacion de Los Olivos.<\/li><\/ul>\t\t\t\t\t\t\t\t<\/div>\n\t\t\t\t<\/div>\n\t\t\t\t\t<\/div>\n\t\t\t\t<\/div>\n\t\t\t\t<\/div>\n\t\t","protected":false},"excerpt":{"rendered":"<p>Tramitaci\u00f3n de documentos legales exigidos, excepto el registro de defunci\u00f3n que deber\u00e1 suministrarlo la familia del fallecido. Traslado de la persona fallecida desde el sitio de recepci\u00f3n del cad\u00e1ver hasta el lugar de velaci\u00f3n, Nacional hasta 300 km. Conservaci\u00f3n normal del cuerpo. (24 horas) Cofre o Ata\u00fad Sala de velaci\u00f3n en la red los Olivos [&hellip;]<\/p>\n","protected":false},"author":1,"featured_media":0,"parent":0,"menu_order":0,"comment_status":"closed","ping_status":"closed","template":"","meta":{"_acf_changed":false,"footnotes":""},"class_list":["post-477","page","type-page","status-publish","hentry"],"acf":[],"_links":{"self":[{"href":"https:\/\/fonvalle.com.co\/portal\/wp-json\/wp\/v2\/pages\/477","targetHints":{"allow":["GET"]}}],"collection":[{"href":"https:\/\/fonvalle.com.co\/portal\/wp-json\/wp\/v2\/pages"}],"about":[{"href":"https:\/\/fonvalle.com.co\/portal\/wp-json\/wp\/v2\/types\/page"}],"author":[{"embeddable":true,"href":"https:\/\/fonvalle.com.co\/portal\/wp-json\/wp\/v2\/users\/1"}],"replies":[{"embeddable":true,"href":"https:\/\/fonvalle.com.co\/portal\/wp-json\/wp\/v2\/comments?post=477"}],"version-history":[{"count":26,"href":"https:\/\/fonvalle.com.co\/portal\/wp-json\/wp\/v2\/pages\/477\/revisions"}],"predecessor-version":[{"id":9160,"href":"https:\/\/fonvalle.com.co\/portal\/wp-json\/wp\/v2\/pages\/477\/revisions\/9160"}],"wp:attachment":[{"href":"https:\/\/fonvalle.com.co\/portal\/wp-json\/wp\/v2\/media?parent=477"}],"curies":[{"name":"wp","href":"https:\/\/api.w.org\/{rel}","templated":true}]}}